{"id":177,"date":"2023-02-05T00:39:16","date_gmt":"2023-02-04T23:39:16","guid":{"rendered":"https:\/\/guillaumetendron.com\/?page_id=177"},"modified":"2025-05-24T17:02:08","modified_gmt":"2025-05-24T15:02:08","slug":"publications","status":"publish","type":"page","link":"https:\/\/guillaumetendron.com\/index.php\/publications\/","title":{"rendered":"Publications"},"content":{"rendered":"\t\t<div data-elementor-type=\"wp-page\" data-elementor-id=\"177\" class=\"elementor elementor-177\">\n\t\t\t\t\t\t\t\t\t<section class=\"elementor-section elementor-top-section elementor-element elementor-element-6f5014af elementor-section-height-min-height elementor-section-full_width elementor-section-height-default elementor-section-items-middle\" data-id=\"6f5014af\" data-element_type=\"section\" data-settings=\"{&quot;background_background&quot;:&quot;classic&quot;}\">\n\t\t\t\t\t\t\t<div class=\"elementor-background-overlay\"><\/div>\n\t\t\t\t\t\t\t<div class=\"elementor-container elementor-column-gap-default\">\n\t\t\t\t\t<div class=\"elementor-column elementor-col-50 elementor-top-column elementor-element elementor-element-41fd3429\" data-id=\"41fd3429\" data-element_type=\"column\">\n\t\t\t<div class=\"elementor-widget-wrap elementor-element-populated\">\n\t\t\t\t\t\t\t\t<div class=\"elementor-element elementor-element-7b425929 elementor-headline--style-highlight elementor-widget elementor-widget-animated-headline\" data-id=\"7b425929\" data-element_type=\"widget\" data-settings=\"{&quot;marker&quot;:&quot;underline_zigzag&quot;,&quot;highlighted_text&quot;:&quot;Boutique&quot;,&quot;highlight_animation_duration&quot;:1000,&quot;highlight_iteration_delay&quot;:3000,&quot;headline_style&quot;:&quot;highlight&quot;,&quot;loop&quot;:&quot;yes&quot;}\" data-widget_type=\"animated-headline.default\">\n\t\t\t\t<div class=\"elementor-widget-container\">\n\t\t\t<link rel=\"stylesheet\" href=\"https:\/\/guillaumetendron.com\/wp-content\/plugins\/elementor-pro\/assets\/css\/widget-animated-headline.min.css\">\t\t<h1 class=\"elementor-headline\">\n\t\t\t\t\t<span class=\"elementor-headline-plain-text elementor-headline-text-wrapper\">La<\/span>\n\t\t\t\t<span class=\"elementor-headline-dynamic-wrapper elementor-headline-text-wrapper\">\n\t\t\t\t\t<span class=\"elementor-headline-dynamic-text elementor-headline-text-active\">Boutique<\/span>\n\t\t\t\t<\/span>\n\t\t\t\t<\/h1>\n\t\t\t\t<\/div>\n\t\t\t\t<\/div>\n\t\t\t\t\t<\/div>\n\t\t<\/div>\n\t\t\t\t<div class=\"elementor-column elementor-col-50 elementor-top-column elementor-element elementor-element-5a879404\" data-id=\"5a879404\" data-element_type=\"column\">\n\t\t\t<div class=\"elementor-widget-wrap\">\n\t\t\t\t\t\t\t\t\t<\/div>\n\t\t<\/div>\n\t\t\t\t\t\t\t<\/div>\n\t\t<\/section>\n\t\t\t\t<section class=\"elementor-section elementor-top-section elementor-element elementor-element-67d80fd elementor-section-boxed elementor-section-height-default elementor-section-height-default\" data-id=\"67d80fd\" data-element_type=\"section\" data-settings=\"{&quot;background_background&quot;:&quot;classic&quot;}\">\n\t\t\t\t\t\t<div class=\"elementor-container elementor-column-gap-default\">\n\t\t\t\t\t<div class=\"elementor-column elementor-col-100 elementor-top-column elementor-element elementor-element-be1dd34\" data-id=\"be1dd34\" data-element_type=\"column\">\n\t\t\t<div class=\"elementor-widget-wrap elementor-element-populated\">\n\t\t\t\t\t\t\t\t<div class=\"elementor-element elementor-element-2ef86e1 elementor-align-center elementor-widget elementor-widget-button\" data-id=\"2ef86e1\" data-element_type=\"widget\" data-widget_type=\"button.default\">\n\t\t\t\t<div class=\"elementor-widget-container\">\n\t\t\t\t\t<div class=\"elementor-button-wrapper\">\n\t\t\t<a href=\"https:\/\/www.amazon.fr\/Vaguabond%C3%A2me-Mr-Guillaume-Tendron\/dp\/B0F1LZLYVF\/ref=sr_1_1?__mk_fr_FR=%C3%85M%C3%85%C5%BD%C3%95%C3%91&#038;crid=HYFBA9PJ7XY&#038;dib=eyJ2IjoiMSJ9.iLn4doc4G1TTnCrCHBcnVg.R6q4DDfM35GMHzLAz5_0qfjarsvCBQrXzM0Ewhpu9cg&#038;dib_tag=se&#038;keywords=guillaume+tendron&#038;qid=1748097359&#038;sprefix=guillaume+tendron%2Caps%2C94&#038;sr=8-1\" class=\"elementor-button-link elementor-button elementor-size-xl elementor-animation-grow\" role=\"button\">\n\t\t\t\t\t\t<span class=\"elementor-button-content-wrapper\">\n\t\t\t\t\t\t<span class=\"elementor-button-text\">Achetez Vagu'abond'\u00e2me sur Amazon<\/span>\n\t\t<\/span>\n\t\t\t\t\t<\/a>\n\t\t<\/div>\n\t\t\t\t<\/div>\n\t\t\t\t<\/div>\n\t\t\t\t<div class=\"elementor-element elementor-element-ad63968 elementor-widget elementor-widget-spacer\" data-id=\"ad63968\" data-element_type=\"widget\" data-widget_type=\"spacer.default\">\n\t\t\t\t<div class=\"elementor-widget-container\">\n\t\t\t<style>\/*! elementor - v3.10.2 - 29-01-2023 *\/\n.elementor-column .elementor-spacer-inner{height:var(--spacer-size)}.e-con{--container-widget-width:100%}.e-con-inner>.elementor-widget-spacer,.e-con>.elementor-widget-spacer{width:var(--container-widget-width,var(--spacer-size));--align-self:var(--container-widget-align-self,initial);--flex-shrink:0}.e-con-inner>.elementor-widget-spacer>.elementor-widget-container,.e-con-inner>.elementor-widget-spacer>.elementor-widget-container>.elementor-spacer,.e-con>.elementor-widget-spacer>.elementor-widget-container,.e-con>.elementor-widget-spacer>.elementor-widget-container>.elementor-spacer{height:100%}.e-con-inner>.elementor-widget-spacer>.elementor-widget-container>.elementor-spacer>.elementor-spacer-inner,.e-con>.elementor-widget-spacer>.elementor-widget-container>.elementor-spacer>.elementor-spacer-inner{height:var(--container-widget-height,var(--spacer-size))}<\/style>\t\t<div class=\"elementor-spacer\">\n\t\t\t<div class=\"elementor-spacer-inner\"><\/div>\n\t\t<\/div>\n\t\t\t\t<\/div>\n\t\t\t\t<\/div>\n\t\t\t\t\t<\/div>\n\t\t<\/div>\n\t\t\t\t\t\t\t<\/div>\n\t\t<\/section>\n\t\t\t\t<section class=\"elementor-section elementor-top-section elementor-element elementor-element-1f78d55 elementor-section-boxed elementor-section-height-default elementor-section-height-default\" data-id=\"1f78d55\" data-element_type=\"section\" data-settings=\"{&quot;background_background&quot;:&quot;classic&quot;}\">\n\t\t\t\t\t\t<div class=\"elementor-container elementor-column-gap-default\">\n\t\t\t\t\t<div class=\"elementor-column elementor-col-33 elementor-top-column elementor-element elementor-element-48e96e0\" data-id=\"48e96e0\" data-element_type=\"column\">\n\t\t\t<div class=\"elementor-widget-wrap elementor-element-populated\">\n\t\t\t\t\t\t\t\t<div class=\"elementor-element elementor-element-ef36ef6 elementor-widget elementor-widget-image\" data-id=\"ef36ef6\" data-element_type=\"widget\" data-widget_type=\"image.default\">\n\t\t\t\t<div class=\"elementor-widget-container\">\n\t\t\t<style>\/*! elementor - v3.10.2 - 29-01-2023 *\/\n.elementor-widget-image{text-align:center}.elementor-widget-image a{display:inline-block}.elementor-widget-image a img[src$=\".svg\"]{width:48px}.elementor-widget-image img{vertical-align:middle;display:inline-block}<\/style>\t\t\t\t\t\t\t\t\t\t\t\t\t<a href=\"https:\/\/www.amazon.fr\/Vaguabond%C3%A2me-Mr-Guillaume-Tendron\/dp\/B0F1LZLYVF\/ref=sr_1_1?__mk_fr_FR=%C3%85M%C3%85%C5%BD%C3%95%C3%91&#038;crid=HYFBA9PJ7XY&#038;dib=eyJ2IjoiMSJ9.iLn4doc4G1TTnCrCHBcnVg.R6q4DDfM35GMHzLAz5_0qfjarsvCBQrXzM0Ewhpu9cg&#038;dib_tag=se&#038;keywords=guillaume+tendron&#038;qid=1748097359&#038;sprefix=guillaume+tendron%2Caps%2C94&#038;sr=8-1\">\n\t\t\t\t\t\t\t<img decoding=\"async\" src=\"https:\/\/guillaumetendron.com\/wp-content\/uploads\/2025\/05\/71Q0hCWOWOL._SL1293_.jpg\" title=\"71Q0hCWOWOL._SL1293_\" alt=\"71Q0hCWOWOL._SL1293_\" loading=\"lazy\" \/>\t\t\t\t\t\t\t\t<\/a>\n\t\t\t\t\t\t\t\t\t\t\t\t\t\t\t<\/div>\n\t\t\t\t<\/div>\n\t\t\t\t\t<\/div>\n\t\t<\/div>\n\t\t\t\t<div class=\"elementor-column elementor-col-33 elementor-top-column elementor-element elementor-element-45dd528\" data-id=\"45dd528\" data-element_type=\"column\">\n\t\t\t<div class=\"elementor-widget-wrap elementor-element-populated\">\n\t\t\t\t\t\t\t\t<div class=\"elementor-element elementor-element-6812c8d elementor-widget elementor-widget-image\" data-id=\"6812c8d\" data-element_type=\"widget\" data-widget_type=\"image.default\">\n\t\t\t\t<div class=\"elementor-widget-container\">\n\t\t\t\t\t\t\t\t\t\t\t\t\t\t\t\t<a href=\"https:\/\/www.amazon.fr\/Vaguabond%C3%A2me-Mr-Guillaume-Tendron\/dp\/B0F1LZLYVF\/ref=sr_1_1?__mk_fr_FR=%C3%85M%C3%85%C5%BD%C3%95%C3%91&#038;crid=HYFBA9PJ7XY&#038;dib=eyJ2IjoiMSJ9.iLn4doc4G1TTnCrCHBcnVg.R6q4DDfM35GMHzLAz5_0qfjarsvCBQrXzM0Ewhpu9cg&#038;dib_tag=se&#038;keywords=guillaume+tendron&#038;qid=1748097359&#038;sprefix=guillaume+tendron%2Caps%2C94&#038;sr=8-1\">\n\t\t\t\t\t\t\t<img loading=\"lazy\" decoding=\"async\" width=\"600\" height=\"776\" src=\"https:\/\/guillaumetendron.com\/wp-content\/uploads\/2025\/05\/612YPzqclqL.jpg\" class=\"attachment-large size-large wp-image-2472\" alt=\"\" srcset=\"https:\/\/guillaumetendron.com\/wp-content\/uploads\/2025\/05\/612YPzqclqL.jpg 600w, https:\/\/guillaumetendron.com\/wp-content\/uploads\/2025\/05\/612YPzqclqL-232x300.jpg 232w\" sizes=\"auto, (max-width: 600px) 100vw, 600px\" \/>\t\t\t\t\t\t\t\t<\/a>\n\t\t\t\t\t\t\t\t\t\t\t\t\t\t\t<\/div>\n\t\t\t\t<\/div>\n\t\t\t\t\t<\/div>\n\t\t<\/div>\n\t\t\t\t<div class=\"elementor-column elementor-col-33 elementor-top-column elementor-element elementor-element-2b12ffd\" data-id=\"2b12ffd\" data-element_type=\"column\">\n\t\t\t<div class=\"elementor-widget-wrap elementor-element-populated\">\n\t\t\t\t\t\t\t\t<div class=\"elementor-element elementor-element-3c470ca elementor-widget elementor-widget-text-editor\" data-id=\"3c470ca\" data-element_type=\"widget\" data-widget_type=\"text-editor.default\">\n\t\t\t\t<div class=\"elementor-widget-container\">\n\t\t\t<style>\/*! elementor - v3.10.2 - 29-01-2023 *\/\n.elementor-widget-text-editor.elementor-drop-cap-view-stacked .elementor-drop-cap{background-color:#818a91;color:#fff}.elementor-widget-text-editor.elementor-drop-cap-view-framed .elementor-drop-cap{color:#818a91;border:3px solid;background-color:transparent}.elementor-widget-text-editor:not(.elementor-drop-cap-view-default) .elementor-drop-cap{margin-top:8px}.elementor-widget-text-editor:not(.elementor-drop-cap-view-default) .elementor-drop-cap-letter{width:1em;height:1em}.elementor-widget-text-editor .elementor-drop-cap{float:left;text-align:center;line-height:1;font-size:50px}.elementor-widget-text-editor .elementor-drop-cap-letter{display:inline-block}<\/style>\t\t\t\t<p>Vagu&rsquo;abond&rsquo;\u00e2me souhaite \u00e9veiller chez le lecteur des sentiments de r\u00e9flexion, d&rsquo;introspection et de prise de conscience.<\/p><p>\u00c0 travers ses \u00e9crits, il invite le lecteur \u00e0 se pencher sur ses propres blessures int\u00e9rieures, \u00e0 devenir conscient de ses souffrances et \u00e0 chercher \u00e0 les exorciser.<\/p><p>Il \u00e9voque \u00e9galement des th\u00e8mes de r\u00e9silience, de qu\u00eate de sens, de connexion avec la nature et de critique de la soci\u00e9t\u00e9 moderne.\u00a0<\/p><p>L&rsquo;auteur cherche \u00e0 susciter une prise de conscience des valeurs humanistes, de l&rsquo;importance de rester int\u00e8gre et de se reconnecter \u00e0 l&rsquo;essentiel de la vie.<\/p>\t\t\t\t\t\t<\/div>\n\t\t\t\t<\/div>\n\t\t\t\t\t<\/div>\n\t\t<\/div>\n\t\t\t\t\t\t\t<\/div>\n\t\t<\/section>\n\t\t\t\t<section class=\"elementor-section elementor-top-section elementor-element elementor-element-d1adab4 elementor-section-boxed elementor-section-height-default elementor-section-height-default\" data-id=\"d1adab4\" data-element_type=\"section\" data-settings=\"{&quot;background_background&quot;:&quot;classic&quot;}\">\n\t\t\t\t\t\t<div class=\"elementor-container elementor-column-gap-default\">\n\t\t\t\t\t<div class=\"elementor-column elementor-col-100 elementor-top-column elementor-element elementor-element-cd94c18\" data-id=\"cd94c18\" data-element_type=\"column\">\n\t\t\t<div class=\"elementor-widget-wrap elementor-element-populated\">\n\t\t\t\t\t\t\t\t<div class=\"elementor-element elementor-element-02c22e3 elementor-widget elementor-widget-spacer\" data-id=\"02c22e3\" data-element_type=\"widget\" data-widget_type=\"spacer.default\">\n\t\t\t\t<div class=\"elementor-widget-container\">\n\t\t\t\t\t<div class=\"elementor-spacer\">\n\t\t\t<div class=\"elementor-spacer-inner\"><\/div>\n\t\t<\/div>\n\t\t\t\t<\/div>\n\t\t\t\t<\/div>\n\t\t\t\t\t<\/div>\n\t\t<\/div>\n\t\t\t\t\t\t\t<\/div>\n\t\t<\/section>\n\t\t\t\t<section class=\"elementor-section elementor-top-section elementor-element elementor-element-05887d0 elementor-section-full_width elementor-section-height-default elementor-section-height-default\" data-id=\"05887d0\" data-element_type=\"section\" data-settings=\"{&quot;background_background&quot;:&quot;classic&quot;,&quot;shape_divider_top&quot;:&quot;waves&quot;,&quot;shape_divider_bottom&quot;:&quot;waves&quot;}\">\n\t\t\t\t\t<div class=\"elementor-shape elementor-shape-top\" data-negative=\"false\">\n\t\t\t<svg xmlns=\"http:\/\/www.w3.org\/2000\/svg\" viewBox=\"0 0 1000 100\" preserveAspectRatio=\"none\">\n\t<path class=\"elementor-shape-fill\" d=\"M421.9,6.5c22.6-2.5,51.5,0.4,75.5,5.3c23.6,4.9,70.9,23.5,100.5,35.7c75.8,32.2,133.7,44.5,192.6,49.7\n\tc23.6,2.1,48.7,3.5,103.4-2.5c54.7-6,106.2-25.6,106.2-25.6V0H0v30.3c0,0,72,32.6,158.4,30.5c39.2-0.7,92.8-6.7,134-22.4\n\tc21.2-8.1,52.2-18.2,79.7-24.2C399.3,7.9,411.6,7.5,421.9,6.5z\"\/>\n<\/svg>\t\t<\/div>\n\t\t\t\t<div class=\"elementor-shape elementor-shape-bottom\" data-negative=\"false\">\n\t\t\t<svg xmlns=\"http:\/\/www.w3.org\/2000\/svg\" viewBox=\"0 0 1000 100\" preserveAspectRatio=\"none\">\n\t<path class=\"elementor-shape-fill\" d=\"M421.9,6.5c22.6-2.5,51.5,0.4,75.5,5.3c23.6,4.9,70.9,23.5,100.5,35.7c75.8,32.2,133.7,44.5,192.6,49.7\n\tc23.6,2.1,48.7,3.5,103.4-2.5c54.7-6,106.2-25.6,106.2-25.6V0H0v30.3c0,0,72,32.6,158.4,30.5c39.2-0.7,92.8-6.7,134-22.4\n\tc21.2-8.1,52.2-18.2,79.7-24.2C399.3,7.9,411.6,7.5,421.9,6.5z\"\/>\n<\/svg>\t\t<\/div>\n\t\t\t\t\t<div class=\"elementor-container elementor-column-gap-default\">\n\t\t\t\t\t<div class=\"elementor-column elementor-col-100 elementor-top-column elementor-element elementor-element-eb120d0\" data-id=\"eb120d0\" data-element_type=\"column\">\n\t\t\t<div class=\"elementor-widget-wrap elementor-element-populated\">\n\t\t\t\t\t\t\t\t<div class=\"elementor-element elementor-element-4b250ef elementor-widget elementor-widget-spacer\" data-id=\"4b250ef\" data-element_type=\"widget\" data-widget_type=\"spacer.default\">\n\t\t\t\t<div class=\"elementor-widget-container\">\n\t\t\t\t\t<div class=\"elementor-spacer\">\n\t\t\t<div class=\"elementor-spacer-inner\"><\/div>\n\t\t<\/div>\n\t\t\t\t<\/div>\n\t\t\t\t<\/div>\n\t\t\t\t\t<\/div>\n\t\t<\/div>\n\t\t\t\t\t\t\t<\/div>\n\t\t<\/section>\n\t\t\t\t\t\t\t<\/div>\n\t\t","protected":false},"excerpt":{"rendered":"<p>La Boutique Achetez Vagu&rsquo;abond&rsquo;\u00e2me sur Amazon Vagu&rsquo;abond&rsquo;\u00e2me souhaite \u00e9veiller chez le lecteur des sentiments de r\u00e9flexion, d&rsquo;introspection et de prise de conscience. \u00c0 travers ses \u00e9crits, il invite le lecteur [&hellip;]<\/p>\n","protected":false},"author":2,"featured_media":0,"parent":0,"menu_order":0,"comment_status":"closed","ping_status":"closed","template":"elementor_header_footer","meta":{"inline_featured_image":false,"footnotes":""},"class_list":["post-177","page","type-page","status-publish","hentry"],"yoast_head":"<!-- This site is optimized with the Yoast SEO plugin v20.1 - https:\/\/yoast.com\/wordpress\/plugins\/seo\/ -->\n<title>Publications - Miroir de l&#039;\u00e2me<\/title>\n<meta name=\"robots\" content=\"index, follow, max-snippet:-1, max-image-preview:large, max-video-preview:-1\" \/>\n<link rel=\"canonical\" href=\"https:\/\/guillaumetendron.com\/index.php\/publications\/\" \/>\n<meta property=\"og:locale\" content=\"fr_FR\" \/>\n<meta property=\"og:type\" content=\"article\" \/>\n<meta property=\"og:title\" content=\"Publications - Miroir de l&#039;\u00e2me\" \/>\n<meta property=\"og:description\" content=\"La Boutique Achetez Vagu&rsquo;abond&rsquo;\u00e2me sur Amazon Vagu&rsquo;abond&rsquo;\u00e2me souhaite \u00e9veiller chez le lecteur des sentiments de r\u00e9flexion, d&rsquo;introspection et de prise de conscience. \u00c0 travers ses \u00e9crits, il invite le lecteur [&hellip;]\" \/>\n<meta property=\"og:url\" content=\"https:\/\/guillaumetendron.com\/index.php\/publications\/\" \/>\n<meta property=\"og:site_name\" content=\"Miroir de l&#039;\u00e2me\" \/>\n<meta property=\"article:modified_time\" content=\"2025-05-24T15:02:08+00:00\" \/>\n<meta property=\"og:image\" content=\"https:\/\/guillaumetendron.com\/wp-content\/uploads\/2025\/05\/71Q0hCWOWOL._SL1293_.jpg\" \/>\n<meta name=\"twitter:card\" content=\"summary_large_image\" \/>\n<meta name=\"twitter:label1\" content=\"Dur\u00e9e de lecture estim\u00e9e\" \/>\n\t<meta name=\"twitter:data1\" content=\"1 minute\" \/>\n<script type=\"application\/ld+json\" class=\"yoast-schema-graph\">{\"@context\":\"https:\/\/schema.org\",\"@graph\":[{\"@type\":\"WebPage\",\"@id\":\"https:\/\/guillaumetendron.com\/index.php\/publications\/\",\"url\":\"https:\/\/guillaumetendron.com\/index.php\/publications\/\",\"name\":\"Publications - Miroir de l&#039;\u00e2me\",\"isPartOf\":{\"@id\":\"https:\/\/guillaumetendron.com\/#website\"},\"datePublished\":\"2023-02-04T23:39:16+00:00\",\"dateModified\":\"2025-05-24T15:02:08+00:00\",\"breadcrumb\":{\"@id\":\"https:\/\/guillaumetendron.com\/index.php\/publications\/#breadcrumb\"},\"inLanguage\":\"fr-FR\",\"potentialAction\":[{\"@type\":\"ReadAction\",\"target\":[\"https:\/\/guillaumetendron.com\/index.php\/publications\/\"]}]},{\"@type\":\"BreadcrumbList\",\"@id\":\"https:\/\/guillaumetendron.com\/index.php\/publications\/#breadcrumb\",\"itemListElement\":[{\"@type\":\"ListItem\",\"position\":1,\"name\":\"Accueil\",\"item\":\"https:\/\/guillaumetendron.com\/\"},{\"@type\":\"ListItem\",\"position\":2,\"name\":\"Publications\"}]},{\"@type\":\"WebSite\",\"@id\":\"https:\/\/guillaumetendron.com\/#website\",\"url\":\"https:\/\/guillaumetendron.com\/\",\"name\":\"Miroir de l'\u00e2me\",\"description\":\"Guillaume Tendron\",\"publisher\":{\"@id\":\"https:\/\/guillaumetendron.com\/#\/schema\/person\/409b56f19a734d63038728905a3c7253\"},\"potentialAction\":[{\"@type\":\"SearchAction\",\"target\":{\"@type\":\"EntryPoint\",\"urlTemplate\":\"https:\/\/guillaumetendron.com\/?s={search_term_string}\"},\"query-input\":\"required name=search_term_string\"}],\"inLanguage\":\"fr-FR\"},{\"@type\":[\"Person\",\"Organization\"],\"@id\":\"https:\/\/guillaumetendron.com\/#\/schema\/person\/409b56f19a734d63038728905a3c7253\",\"name\":\"Guillaume Tendron\",\"image\":{\"@type\":\"ImageObject\",\"inLanguage\":\"fr-FR\",\"@id\":\"https:\/\/guillaumetendron.com\/#\/schema\/person\/image\/\",\"url\":\"https:\/\/guillaumetendron.com\/wp-content\/uploads\/2023\/02\/Plan-de-travail-2.svg\",\"contentUrl\":\"https:\/\/guillaumetendron.com\/wp-content\/uploads\/2023\/02\/Plan-de-travail-2.svg\",\"width\":445,\"height\":161,\"caption\":\"Guillaume Tendron\"},\"logo\":{\"@id\":\"https:\/\/guillaumetendron.com\/#\/schema\/person\/image\/\"},\"sameAs\":[\"http:\/\/guillaumetendron.com\"]}]}<\/script>\n<!-- \/ Yoast SEO plugin. -->","yoast_head_json":{"title":"Publications - Miroir de l&#039;\u00e2me","robots":{"index":"index","follow":"follow","max-snippet":"max-snippet:-1","max-image-preview":"max-image-preview:large","max-video-preview":"max-video-preview:-1"},"canonical":"https:\/\/guillaumetendron.com\/index.php\/publications\/","og_locale":"fr_FR","og_type":"article","og_title":"Publications - Miroir de l&#039;\u00e2me","og_description":"La Boutique Achetez Vagu&rsquo;abond&rsquo;\u00e2me sur Amazon Vagu&rsquo;abond&rsquo;\u00e2me souhaite \u00e9veiller chez le lecteur des sentiments de r\u00e9flexion, d&rsquo;introspection et de prise de conscience. \u00c0 travers ses \u00e9crits, il invite le lecteur [&hellip;]","og_url":"https:\/\/guillaumetendron.com\/index.php\/publications\/","og_site_name":"Miroir de l&#039;\u00e2me","article_modified_time":"2025-05-24T15:02:08+00:00","og_image":[{"url":"https:\/\/guillaumetendron.com\/wp-content\/uploads\/2025\/05\/71Q0hCWOWOL._SL1293_.jpg"}],"twitter_card":"summary_large_image","twitter_misc":{"Dur\u00e9e de lecture estim\u00e9e":"1 minute"},"schema":{"@context":"https:\/\/schema.org","@graph":[{"@type":"WebPage","@id":"https:\/\/guillaumetendron.com\/index.php\/publications\/","url":"https:\/\/guillaumetendron.com\/index.php\/publications\/","name":"Publications - Miroir de l&#039;\u00e2me","isPartOf":{"@id":"https:\/\/guillaumetendron.com\/#website"},"datePublished":"2023-02-04T23:39:16+00:00","dateModified":"2025-05-24T15:02:08+00:00","breadcrumb":{"@id":"https:\/\/guillaumetendron.com\/index.php\/publications\/#breadcrumb"},"inLanguage":"fr-FR","potentialAction":[{"@type":"ReadAction","target":["https:\/\/guillaumetendron.com\/index.php\/publications\/"]}]},{"@type":"BreadcrumbList","@id":"https:\/\/guillaumetendron.com\/index.php\/publications\/#breadcrumb","itemListElement":[{"@type":"ListItem","position":1,"name":"Accueil","item":"https:\/\/guillaumetendron.com\/"},{"@type":"ListItem","position":2,"name":"Publications"}]},{"@type":"WebSite","@id":"https:\/\/guillaumetendron.com\/#website","url":"https:\/\/guillaumetendron.com\/","name":"Miroir de l'\u00e2me","description":"Guillaume Tendron","publisher":{"@id":"https:\/\/guillaumetendron.com\/#\/schema\/person\/409b56f19a734d63038728905a3c7253"},"potentialAction":[{"@type":"SearchAction","target":{"@type":"EntryPoint","urlTemplate":"https:\/\/guillaumetendron.com\/?s={search_term_string}"},"query-input":"required name=search_term_string"}],"inLanguage":"fr-FR"},{"@type":["Person","Organization"],"@id":"https:\/\/guillaumetendron.com\/#\/schema\/person\/409b56f19a734d63038728905a3c7253","name":"Guillaume Tendron","image":{"@type":"ImageObject","inLanguage":"fr-FR","@id":"https:\/\/guillaumetendron.com\/#\/schema\/person\/image\/","url":"https:\/\/guillaumetendron.com\/wp-content\/uploads\/2023\/02\/Plan-de-travail-2.svg","contentUrl":"https:\/\/guillaumetendron.com\/wp-content\/uploads\/2023\/02\/Plan-de-travail-2.svg","width":445,"height":161,"caption":"Guillaume Tendron"},"logo":{"@id":"https:\/\/guillaumetendron.com\/#\/schema\/person\/image\/"},"sameAs":["http:\/\/guillaumetendron.com"]}]}},"_links":{"self":[{"href":"https:\/\/guillaumetendron.com\/index.php\/wp-json\/wp\/v2\/pages\/177","targetHints":{"allow":["GET"]}}],"collection":[{"href":"https:\/\/guillaumetendron.com\/index.php\/wp-json\/wp\/v2\/pages"}],"about":[{"href":"https:\/\/guillaumetendron.com\/index.php\/wp-json\/wp\/v2\/types\/page"}],"author":[{"embeddable":true,"href":"https:\/\/guillaumetendron.com\/index.php\/wp-json\/wp\/v2\/users\/2"}],"replies":[{"embeddable":true,"href":"https:\/\/guillaumetendron.com\/index.php\/wp-json\/wp\/v2\/comments?post=177"}],"version-history":[{"count":73,"href":"https:\/\/guillaumetendron.com\/index.php\/wp-json\/wp\/v2\/pages\/177\/revisions"}],"predecessor-version":[{"id":2499,"href":"https:\/\/guillaumetendron.com\/index.php\/wp-json\/wp\/v2\/pages\/177\/revisions\/2499"}],"wp:attachment":[{"href":"https:\/\/guillaumetendron.com\/index.php\/wp-json\/wp\/v2\/media?parent=177"}],"curies":[{"name":"wp","href":"https:\/\/api.w.org\/{rel}","templated":true}]}}